{"id":1244,"date":"2025-09-30T11:22:59","date_gmt":"2025-09-30T11:22:59","guid":{"rendered":"https:\/\/horizonandpartner.com\/?page_id=1244"},"modified":"2025-12-07T21:24:15","modified_gmt":"2025-12-07T21:24:15","slug":"contact","status":"publish","type":"page","link":"https:\/\/horizonandpartner.com\/ru\/contact\/","title":{"rendered":"Contact"},"content":{"rendered":"<div data-elementor-type=\"wp-page\" data-elementor-id=\"1244\" class=\"elementor elementor-1244\" data-elementor-post-type=\"page\">\n\t\t\t\t<div class=\"elementor-element elementor-element-d60e061 e-con-full e-flex e-con e-parent\" data-id=\"d60e061\" data-element_type=\"container\" data-e-type=\"container\">\n\t\t<div class=\"elementor-element elementor-element-09d195d e-grid e-con-full e-con e-child\" data-id=\"09d195d\" data-element_type=\"container\" data-e-type=\"container\">\n\t\t<div class=\"elementor-element elementor-element-0360cb9 e-con-full e-flex e-con e-child\" data-id=\"0360cb9\" data-element_type=\"container\" data-e-type=\"container\">\n\t\t\t\t<div class=\"elementor-element elementor-element-66d4bd4 elementor-widget elementor-widget-image\" data-id=\"66d4bd4\" data-element_type=\"widget\" data-e-type=\"widget\" data-widget_type=\"image.default\">\n\t\t\t\t\t\t\t\t\t\t\t\t\t\t\t<img fetchpriority=\"high\" decoding=\"async\" width=\"612\" height=\"301\" src=\"https:\/\/horizonandpartner.com\/wp-content\/uploads\/2025\/12\/Adsiz-tasarim-2025-12-04T013917.203.png\" class=\"attachment-full size-full wp-image-1843\" alt=\"\" srcset=\"https:\/\/horizonandpartner.com\/wp-content\/uploads\/2025\/12\/Adsiz-tasarim-2025-12-04T013917.203.png 612w, https:\/\/horizonandpartner.com\/wp-content\/uploads\/2025\/12\/Adsiz-tasarim-2025-12-04T013917.203-300x148.png 300w\" sizes=\"(max-width: 612px) 100vw, 612px\" \/>\t\t\t\t\t\t\t\t\t\t\t\t\t\t\t<\/div>\n\t\t<div class=\"elementor-element elementor-element-f529792 e-grid e-con-full e-con e-child\" data-id=\"f529792\" data-element_type=\"container\" data-e-type=\"container\" data-settings=\"{&quot;background_background&quot;:&quot;classic&quot;}\">\n\t\t\t\t<div class=\"elementor-element elementor-element-3909195 elementor-widget elementor-widget-heading\" data-id=\"3909195\" data-element_type=\"widget\" data-e-type=\"widget\" data-widget_type=\"heading.default\">\n\t\t\t\t\t<h2 class=\"elementor-heading-title elementor-size-default\">Ankara<\/h2>\t\t\t\t<\/div>\n\t\t<div class=\"elementor-element elementor-element-de32962 e-grid e-con-full e-con e-child\" data-id=\"de32962\" data-element_type=\"container\" data-e-type=\"container\" data-settings=\"{&quot;background_background&quot;:&quot;classic&quot;}\">\n\t\t\t\t<div class=\"elementor-element elementor-element-c637dc4 elementor-view-framed elementor-shape-circle elementor-widget elementor-widget-icon\" data-id=\"c637dc4\" data-element_type=\"widget\" data-e-type=\"widget\" data-widget_type=\"icon.default\">\n\t\t\t\t\t\t\t<div class=\"elementor-icon-wrapper\">\n\t\t\t<a class=\"elementor-icon\" href=\"https:\/\/www.google.com\/maps\/place\/Horizon+%2B+Partners\/@39.9151571,32.7691011,17z\/data=!3m1!4b1!4m6!3m5!1s0x14d34f3a1fcf993f:0x8d66d5134e33489!8m2!3d39.9151571!4d32.771676!16s%2Fg%2F11h0z_40lm?entry=ttu&#038;g_ep=EgoyMDI1MTEyMy4xIKXMDSoASAFQAw%3D%3D\">\n\t\t\t<i aria-hidden=\"true\" class=\"fas fa-map-marker-alt\"><\/i>\t\t\t<\/a>\n\t\t<\/div>\n\t\t\t\t\t\t<\/div>\n\t\t\t\t<div class=\"elementor-element elementor-element-7fad771 elementor-view-framed elementor-shape-circle elementor-widget elementor-widget-icon\" data-id=\"7fad771\" data-element_type=\"widget\" data-e-type=\"widget\" data-widget_type=\"icon.default\">\n\t\t\t\t\t\t\t<div class=\"elementor-icon-wrapper\">\n\t\t\t<a class=\"elementor-icon\" href=\"http:\/\/info@hrznp.com\">\n\t\t\t<i aria-hidden=\"true\" class=\"far fa-envelope\"><\/i>\t\t\t<\/a>\n\t\t<\/div>\n\t\t\t\t\t\t<\/div>\n\t\t\t\t<div class=\"elementor-element elementor-element-b3dcb61 elementor-view-framed elementor-shape-circle elementor-widget elementor-widget-icon\" data-id=\"b3dcb61\" data-element_type=\"widget\" data-e-type=\"widget\" data-widget_type=\"icon.default\">\n\t\t\t\t\t\t\t<div class=\"elementor-icon-wrapper\">\n\t\t\t<a class=\"elementor-icon\" href=\"https:\/\/horizonandpartner.com\/ru\/\">\n\t\t\t<i aria-hidden=\"true\" class=\"fas fa-arrow-right\"><\/i>\t\t\t<\/a>\n\t\t<\/div>\n\t\t\t\t\t\t<\/div>\n\t\t\t\t<\/div>\n\t\t\t\t<\/div>\n\t\t\t\t<div class=\"elementor-element elementor-element-3f52584 elementor-widget elementor-widget-heading\" data-id=\"3f52584\" data-element_type=\"widget\" data-e-type=\"widget\" data-widget_type=\"heading.default\">\n\t\t\t\t\t<h2 class=\"elementor-heading-title elementor-size-default\">Mustafa Kemal Mah. 2146 Sk. G\u00f6k\u00e7en-3 \u0130\u015f Merkezi No:16\/21<br> \u00c7ankaya \/ Ankara, T\u00fcrkiye<\/h2>\t\t\t\t<\/div>\n\t\t\t\t<\/div>\n\t\t<div class=\"elementor-element elementor-element-0cb2921 e-con-full e-flex e-con e-child\" data-id=\"0cb2921\" data-element_type=\"container\" data-e-type=\"container\" id=\"kare-2\">\n\t\t\t\t<div class=\"elementor-element elementor-element-baefe4c elementor-widget elementor-widget-image\" data-id=\"baefe4c\" data-element_type=\"widget\" data-e-type=\"widget\" data-widget_type=\"image.default\">\n\t\t\t\t\t\t\t\t\t\t\t\t\t\t\t<img decoding=\"async\" width=\"612\" height=\"301\" src=\"https:\/\/horizonandpartner.com\/wp-content\/uploads\/2025\/12\/Adsiz-tasarim-2025-12-02T134951.079.png\" class=\"attachment-full size-full wp-image-1704\" alt=\"\" srcset=\"https:\/\/horizonandpartner.com\/wp-content\/uploads\/2025\/12\/Adsiz-tasarim-2025-12-02T134951.079.png 612w, https:\/\/horizonandpartner.com\/wp-content\/uploads\/2025\/12\/Adsiz-tasarim-2025-12-02T134951.079-300x148.png 300w\" sizes=\"(max-width: 612px) 100vw, 612px\" \/>\t\t\t\t\t\t\t\t\t\t\t\t\t\t\t<\/div>\n\t\t<div class=\"elementor-element elementor-element-30a24f0 e-grid e-con-full e-con e-child\" data-id=\"30a24f0\" data-element_type=\"container\" data-e-type=\"container\" data-settings=\"{&quot;background_background&quot;:&quot;classic&quot;}\">\n\t\t\t\t<div class=\"elementor-element elementor-element-d10b74b elementor-widget elementor-widget-heading\" data-id=\"d10b74b\" data-element_type=\"widget\" data-e-type=\"widget\" data-widget_type=\"heading.default\">\n\t\t\t\t\t<h2 class=\"elementor-heading-title elementor-size-default\">\u0421\u0430\u043d\u043a\u0442 - \u041f\u0435\u0442\u0435\u0440\u0431\u0443\u0440\u0433<\/h2>\t\t\t\t<\/div>\n\t\t<div class=\"elementor-element elementor-element-33b88ba e-grid e-con-full e-con e-child\" data-id=\"33b88ba\" data-element_type=\"container\" data-e-type=\"container\" data-settings=\"{&quot;background_background&quot;:&quot;classic&quot;}\">\n\t\t\t\t<div class=\"elementor-element elementor-element-dda6147 elementor-view-framed elementor-shape-circle elementor-widget elementor-widget-icon\" data-id=\"dda6147\" data-element_type=\"widget\" data-e-type=\"widget\" data-widget_type=\"icon.default\">\n\t\t\t\t\t\t\t<div class=\"elementor-icon-wrapper\">\n\t\t\t<a class=\"elementor-icon\" href=\"https:\/\/www.google.com\/maps\/place\/Chaykovskogo+26,+Ulitsa+Chaykovskogo,+26,+St+Petersburg,+Rusya,+191123\/data=!4m2!3m1!1s0x46963175e3a57843:0xfa1dd7109d6ae5c?utm_source=mstt_1&#038;entry=gps&#038;coh=192189&#038;g_ep=CAESBzI1LjQ3LjgYACDXggMqmQEsOTQyNjc3MjcsOTQyNzU0MDcsOTQyOTIxOTUsOTQyMjMyOTksOTQyMTY0MTMsOTQyODA1NzYsOTQyMTI0OTYsOTQyMDczOTQsOTQyMDc1MDYsOTQyMDg1MDYsOTQyMTc1MjMsOTQyMTg2NTMsOTQyMjk4MzksOTQyNzUxNjgsOTQyNzk2MTksNDcwODQzOTMsOTQyMTMyMDBCAlRS&#038;skid=1cbd2806-2392-4386-9540-3f0690339ef5&#038;g_st=aw\">\n\t\t\t<i aria-hidden=\"true\" class=\"fas fa-map-marker-alt\"><\/i>\t\t\t<\/a>\n\t\t<\/div>\n\t\t\t\t\t\t<\/div>\n\t\t\t\t<div class=\"elementor-element elementor-element-f953082 elementor-view-framed elementor-shape-circle elementor-widget elementor-widget-icon\" data-id=\"f953082\" data-element_type=\"widget\" data-e-type=\"widget\" data-widget_type=\"icon.default\">\n\t\t\t\t\t\t\t<div class=\"elementor-icon-wrapper\">\n\t\t\t<a class=\"elementor-icon\" href=\"http:\/\/info@hrznp.com\">\n\t\t\t<i aria-hidden=\"true\" class=\"far fa-envelope\"><\/i>\t\t\t<\/a>\n\t\t<\/div>\n\t\t\t\t\t\t<\/div>\n\t\t\t\t<div class=\"elementor-element elementor-element-5adb90f elementor-view-framed elementor-shape-circle elementor-widget elementor-widget-icon\" data-id=\"5adb90f\" data-element_type=\"widget\" data-e-type=\"widget\" data-widget_type=\"icon.default\">\n\t\t\t\t\t\t\t<div class=\"elementor-icon-wrapper\">\n\t\t\t<a class=\"elementor-icon\" href=\"https:\/\/horizonandpartner.com\/ru\/\">\n\t\t\t<i aria-hidden=\"true\" class=\"fas fa-arrow-right\"><\/i>\t\t\t<\/a>\n\t\t<\/div>\n\t\t\t\t\t\t<\/div>\n\t\t\t\t<\/div>\n\t\t\t\t<\/div>\n\t\t\t\t<div class=\"elementor-element elementor-element-3c8c053 elementor-widget elementor-widget-heading\" data-id=\"3c8c053\" data-element_type=\"widget\" data-e-type=\"widget\" data-widget_type=\"heading.default\">\n\t\t\t\t\t<h2 class=\"elementor-heading-title elementor-size-default\">\u0423\u043b\u0438\u0446\u0430 \u0427\u0430\u0439\u043a\u043e\u0432\u0441\u043a\u043e\u0433\u043e, 26, \u043b\u0438\u0442\u0435\u0440\u0430 \u0410, \u043a\u0432. 26<br> \u0421\u0430\u043d\u043a\u0442-\u041f\u0435\u0442\u0435\u0440\u0431\u0443\u0440\u0433, \u0420\u043e\u0441\u0441\u0438\u044f<\/h2>\t\t\t\t<\/div>\n\t\t\t\t<\/div>\n\t\t\t\t<\/div>\n\t\t\t\t<\/div>\n\t\t\t\t<\/div>","protected":false},"excerpt":{"rendered":"<p>Ankara Mustafa Kemal Mah. 2146 Sk. G\u00f6k\u00e7en-3 \u0130\u015f Merkezi No:16\/21 \u00c7ankaya \/ Ankara, T\u00fcrkiye St. Petersburg Ulitsa Chaykovskogo, 26, Litera A, Kv. 26 St. Petersburg, Russia<\/p>","protected":false},"author":1,"featured_media":0,"parent":0,"menu_order":0,"comment_status":"closed","ping_status":"closed","template":"","meta":{"footnotes":""},"class_list":["post-1244","page","type-page","status-publish","hentry"],"_hostinger_reach_plugin_has_subscription_block":false,"_hostinger_reach_plugin_is_elementor":false,"_links":{"self":[{"href":"https:\/\/horizonandpartner.com\/ru\/wp-json\/wp\/v2\/pages\/1244","targetHints":{"allow":["GET"]}}],"collection":[{"href":"https:\/\/horizonandpartner.com\/ru\/wp-json\/wp\/v2\/pages"}],"about":[{"href":"https:\/\/horizonandpartner.com\/ru\/wp-json\/wp\/v2\/types\/page"}],"author":[{"embeddable":true,"href":"https:\/\/horizonandpartner.com\/ru\/wp-json\/wp\/v2\/users\/1"}],"replies":[{"embeddable":true,"href":"https:\/\/horizonandpartner.com\/ru\/wp-json\/wp\/v2\/comments?post=1244"}],"version-history":[{"count":200,"href":"https:\/\/horizonandpartner.com\/ru\/wp-json\/wp\/v2\/pages\/1244\/revisions"}],"predecessor-version":[{"id":1921,"href":"https:\/\/horizonandpartner.com\/ru\/wp-json\/wp\/v2\/pages\/1244\/revisions\/1921"}],"wp:attachment":[{"href":"https:\/\/horizonandpartner.com\/ru\/wp-json\/wp\/v2\/media?parent=1244"}],"curies":[{"name":"wp","href":"https:\/\/api.w.org\/{rel}","templated":true}]}}